{"id":14,"date":"2016-11-03T15:33:03","date_gmt":"2016-11-03T14:33:03","guid":{"rendered":"http:\/\/taxisourdy.fr\/?page_id=14"},"modified":"2023-06-21T13:39:32","modified_gmt":"2023-06-21T11:39:32","slug":"partenaires","status":"publish","type":"page","link":"https:\/\/taxisourdy.fr\/index.php\/partenaires\/","title":{"rendered":"Partenaires"},"content":{"rendered":"<div class=\"wp-block-image\">\n<figure class=\"aligncenter size-full is-resized\"><img decoding=\"async\" src=\"https:\/\/taxisourdy.fr\/wp-content\/uploads\/2023\/06\/partenaire.jpg\" alt=\"\" class=\"wp-image-577\" width=\"300\" srcset=\"https:\/\/taxisourdy.fr\/wp-content\/uploads\/2023\/06\/partenaire.jpg 459w, https:\/\/taxisourdy.fr\/wp-content\/uploads\/2023\/06\/partenaire-198x300.jpg 198w, https:\/\/taxisourdy.fr\/wp-content\/uploads\/2023\/06\/partenaire-230x349.jpg 230w, https:\/\/taxisourdy.fr\/wp-content\/uploads\/2023\/06\/partenaire-350x531.jpg 350w\" sizes=\"(max-width: 459px) 100vw, 459px\" \/><\/figure><\/div>\n\n<h5><div id=\"metaslider-id-301\" style=\"width: 100%;\" class=\"ml-slider-3-62-0 metaslider metaslider-flex metaslider-301 ml-slider ms-theme-default\" role=\"region\" aria-roledescription=\"Slideshow\" aria-label=\"Chevrolet\">\n    <div id=\"metaslider_container_301\">\n        <div id=\"metaslider_301\">\n            <ul aria-live=\"polite\" class=\"slides\">\n                <li style=\"display: block; width: 100%;\" class=\"slide-326 ms-image \" aria-roledescription=\"slide\" aria-label=\"slide-326\"><img loading=\"lazy\" decoding=\"async\" src=\"https:\/\/taxisourdy.fr\/wp-content\/uploads\/2023\/04\/che4-700x300.jpg\" height=\"300\" width=\"700\" alt=\"\" class=\"slider-301 slide-326\" title=\"che4\" \/><\/li>\n                <li style=\"display: none; width: 100%;\" class=\"slide-327 ms-image \" aria-roledescription=\"slide\" aria-label=\"slide-327\"><img loading=\"lazy\" decoding=\"async\" src=\"https:\/\/taxisourdy.fr\/wp-content\/uploads\/2023\/04\/che3-700x300.jpg\" height=\"300\" width=\"700\" alt=\"\" class=\"slider-301 slide-327\" title=\"che3\" \/><\/li>\n                <li style=\"display: none; width: 100%;\" class=\"slide-328 ms-image \" aria-roledescription=\"slide\" aria-label=\"slide-328\"><img loading=\"lazy\" decoding=\"async\" src=\"https:\/\/taxisourdy.fr\/wp-content\/uploads\/2023\/04\/che2-700x300.jpg\" height=\"300\" width=\"700\" alt=\"\" class=\"slider-301 slide-328\" title=\"che2\" \/><\/li>\n                <li style=\"display: none; width: 100%;\" class=\"slide-329 ms-image \" aria-roledescription=\"slide\" aria-label=\"slide-329\"><img loading=\"lazy\" decoding=\"async\" src=\"https:\/\/taxisourdy.fr\/wp-content\/uploads\/2023\/04\/che1-700x300.jpg\" height=\"300\" width=\"700\" alt=\"\" class=\"slider-301 slide-329\" title=\"che1\" \/><\/li>\n            <\/ul>\n        <\/div>\n        \n    <\/div>\n<\/div><\/h5>\n<h5 id=\"u3389-21\"><span style=\"text-decoration: underline;\"><em><strong>Devenez partenaire<\/strong><\/em><\/span><\/h5>\n<p id=\"u3389-33\">Appelez moi quand l\u2019un de vos clients a besoin d\u2019un taxi., Vous aimez ma mani\u00e8re de travailler, faites le savoir!<\/p>\n<p><span style=\"text-decoration: underline;\">R\u00e8glement de l\u2019offre partenariat :<\/span><\/p>\n<p>Je mets en place pour vous mes partenaires une offre qui va vous permettre de promouvoir votre \u00e9tablissement gratuitement<b> <\/b>! Pour que votre \u00e9tablissement apparaisse dans cet encart publicitaire, tr\u00e8s simple : Il suffit de m&#8217;appeler r\u00e9guli\u00e8rement quand un de vos clients a besoin d\u2019un taxi.<\/p>\n<p>Si vous le voulez, fournissez moi une banni\u00e8re qui appara\u00eetra sur mon site.<\/p>\n\n\n<p><\/p>\n","protected":false},"excerpt":{"rendered":"<p>Devenez partenaire Appelez moi quand l\u2019un de vos clients a besoin d\u2019un taxi., Vous aimez ma mani\u00e8re de travailler, faites le savoir! [&hellip;]<\/p>\n","protected":false},"author":1,"featured_media":0,"parent":0,"menu_order":0,"comment_status":"closed","ping_status":"closed","template":"","meta":{"footnotes":""},"_links":{"self":[{"href":"https:\/\/taxisourdy.fr\/index.php\/wp-json\/wp\/v2\/pages\/14"}],"collection":[{"href":"https:\/\/taxisourdy.fr\/index.php\/wp-json\/wp\/v2\/pages"}],"about":[{"href":"https:\/\/taxisourdy.fr\/index.php\/wp-json\/wp\/v2\/types\/page"}],"author":[{"embeddable":true,"href":"https:\/\/taxisourdy.fr\/index.php\/wp-json\/wp\/v2\/users\/1"}],"replies":[{"embeddable":true,"href":"https:\/\/taxisourdy.fr\/index.php\/wp-json\/wp\/v2\/comments?post=14"}],"version-history":[{"count":26,"href":"https:\/\/taxisourdy.fr\/index.php\/wp-json\/wp\/v2\/pages\/14\/revisions"}],"predecessor-version":[{"id":582,"href":"https:\/\/taxisourdy.fr\/index.php\/wp-json\/wp\/v2\/pages\/14\/revisions\/582"}],"wp:attachment":[{"href":"https:\/\/taxisourdy.fr\/index.php\/wp-json\/wp\/v2\/media?parent=14"}],"curies":[{"name":"wp","href":"https:\/\/api.w.org\/{rel}","templated":true}]}}