{"id":17,"date":"2016-11-03T15:33:25","date_gmt":"2016-11-03T14:33:25","guid":{"rendered":"http:\/\/taxisourdy.fr\/?page_id=17"},"modified":"2023-06-21T13:45:01","modified_gmt":"2023-06-21T11:45:01","slug":"liens","status":"publish","type":"page","link":"https:\/\/taxisourdy.fr\/index.php\/liens\/","title":{"rendered":"Liens"},"content":{"rendered":"<h4>Vous trouverez ici des liens utiles, pour vos d\u00e9marches, pour pr\u00e9parer un s\u00e9jour, des professionnels de la r\u00e9gion&#8230;<\/h4>\n<h4>Mairies<\/h4>\n<h6>Bagnizeau : <cite><a href=\"http:\/\/www.commune-mairie.fr\/bagnizeau-17160\" target=\"_blank\" rel=\"noopener\">www.commune-<b>mairie<\/b>.fr\/<b>bagnizeau<\/b>-17160<\/a><\/cite><\/h6>\n<h6>Matha : <a href=\"http:\/\/ville.matha-mairie17.fr\/\" target=\"_blank\" rel=\"noopener\">http:\/\/ville.matha-mairie17.fr\/<\/a><\/h6>\n<h6>Cognac : <a href=\"http:\/\/ville.cognac.fr\/\">http:\/\/ville.cognac.fr\/<\/a><\/h6>\n<h5>&#8212;&#8212;&#8212;&#8212;&#8212;&#8212;&#8212;&#8212;&#8212;&#8212;&#8212;&#8212;&#8212;&#8212;&#8212;&#8212;&#8212;&#8212;&#8212;&#8212;&#8212;&#8212;&#8212;&#8212;&#8212;&#8212;&#8212;&#8212;&#8212;&#8212;&#8212;&#8212;&#8212;&#8212;&#8212;&#8212;&#8212;&#8211;<\/h5>\n<h4>Offices de tourisme<\/h4>\n<h6>Matha :<a href=\"http:\/\/ville.matha-mairie17.fr\/index.php?option=com_content&amp;view=article&amp;id=139&amp;Itemid=162\" target=\"_blank\" rel=\"noopener\"> http:\/\/ville.matha-mairie17.fr\/index.php?option=com_content&amp;view=article&amp;id=139&amp;Itemid=162<\/a><\/h6>\n<h6>Cognac : <a href=\"https:\/\/www.tourism-cognac.com\/\">https:\/\/www.tourism-cognac.com\/<\/a><\/h6>\n<h6>Saintonge Dor\u00e9e : <a href=\"http:\/\/www.saintongedoree-tourisme.com\/\">http:\/\/www.saintongedoree-tourisme.com\/<\/a><\/h6>\n<h5>&#8212;&#8212;&#8212;&#8212;&#8212;&#8212;&#8212;&#8212;&#8212;&#8212;&#8212;&#8212;&#8212;&#8212;&#8212;&#8212;&#8212;&#8212;&#8212;&#8212;&#8212;&#8212;&#8212;&#8212;&#8212;&#8212;&#8212;&#8212;&#8212;&#8212;&#8212;&#8212;&#8212;&#8212;&#8212;&#8212;&#8212;&#8211;<\/h5>\n<h5>Devenir Chauffeur Taxi<\/h5>\n<h5><span style=\"text-decoration: underline;\">AVIVA Formation<\/span> <span style=\"color: #006621;\">www.<b>aviva<\/b>&#8211;<b>taxi<\/b>.fr<\/span><\/h5>\n<h5>\u00a0<\/h5>\n\n\n<hr class=\"wp-block-separator alignfull has-text-color has-white-color has-alpha-channel-opacity has-white-background-color has-background\"\/>\n\n\n\n<h5 class=\"wp-block-heading\">Vous cherchez un VTC :<\/h5>\n\n\n\n<p><\/p>\n\n\n\n<p><\/p>\n\n\n<div class=\"wp-block-image\">\n<figure class=\"aligncenter size-full\"><img loading=\"lazy\" decoding=\"async\" width=\"668\" height=\"422\" src=\"https:\/\/taxisourdy.fr\/wp-content\/uploads\/2023\/06\/cv-eric-vtc-1.jpg\" alt=\"\" class=\"wp-image-581\" srcset=\"https:\/\/taxisourdy.fr\/wp-content\/uploads\/2023\/06\/cv-eric-vtc-1.jpg 668w, https:\/\/taxisourdy.fr\/wp-content\/uploads\/2023\/06\/cv-eric-vtc-1-300x190.jpg 300w, https:\/\/taxisourdy.fr\/wp-content\/uploads\/2023\/06\/cv-eric-vtc-1-230x145.jpg 230w, https:\/\/taxisourdy.fr\/wp-content\/uploads\/2023\/06\/cv-eric-vtc-1-350x221.jpg 350w, https:\/\/taxisourdy.fr\/wp-content\/uploads\/2023\/06\/cv-eric-vtc-1-480x303.jpg 480w\" sizes=\"(max-width: 668px) 100vw, 668px\" \/><\/figure><\/div>","protected":false},"excerpt":{"rendered":"<p>Vous trouverez ici des liens utiles, pour vos d\u00e9marches, pour pr\u00e9parer un s\u00e9jour, des professionnels de la r\u00e9gion&#8230; Mairies Bagnizeau : www.commune-mairie.fr\/bagnizeau-17160 [&hellip;]<\/p>\n","protected":false},"author":1,"featured_media":0,"parent":0,"menu_order":0,"comment_status":"closed","ping_status":"closed","template":"","meta":{"footnotes":""},"_links":{"self":[{"href":"https:\/\/taxisourdy.fr\/index.php\/wp-json\/wp\/v2\/pages\/17"}],"collection":[{"href":"https:\/\/taxisourdy.fr\/index.php\/wp-json\/wp\/v2\/pages"}],"about":[{"href":"https:\/\/taxisourdy.fr\/index.php\/wp-json\/wp\/v2\/types\/page"}],"author":[{"embeddable":true,"href":"https:\/\/taxisourdy.fr\/index.php\/wp-json\/wp\/v2\/users\/1"}],"replies":[{"embeddable":true,"href":"https:\/\/taxisourdy.fr\/index.php\/wp-json\/wp\/v2\/comments?post=17"}],"version-history":[{"count":21,"href":"https:\/\/taxisourdy.fr\/index.php\/wp-json\/wp\/v2\/pages\/17\/revisions"}],"predecessor-version":[{"id":593,"href":"https:\/\/taxisourdy.fr\/index.php\/wp-json\/wp\/v2\/pages\/17\/revisions\/593"}],"wp:attachment":[{"href":"https:\/\/taxisourdy.fr\/index.php\/wp-json\/wp\/v2\/media?parent=17"}],"curies":[{"name":"wp","href":"https:\/\/api.w.org\/{rel}","templated":true}]}}