{"id":25,"date":"2016-11-03T15:43:50","date_gmt":"2016-11-03T14:43:50","guid":{"rendered":"http:\/\/taxisourdy.fr\/?page_id=25"},"modified":"2023-06-16T16:45:06","modified_gmt":"2023-06-16T14:45:06","slug":"accueil","status":"publish","type":"page","link":"https:\/\/taxisourdy.fr\/","title":{"rendered":"Accueil"},"content":{"rendered":"<p>Bienvenue chez notre soci\u00e9t\u00e9 de taxi \u00e0 Cognac, sp\u00e9cialis\u00e9e dans le transport de personnes avec v\u00e9hicules Lexus.<\/p>\n<h4><div id=\"metaslider-id-307\" style=\"width: 100%;\" class=\"ml-slider-3-62-0 metaslider metaslider-flex metaslider-307 ml-slider ms-theme-default\" role=\"region\" aria-roledescription=\"Slideshow\" aria-label=\"Diaporama 1\">\n    <div id=\"metaslider_container_307\">\n        <div id=\"metaslider_307\">\n            <ul aria-live=\"polite\" class=\"slides\">\n                <li style=\"display: block; width: 100%;\" class=\"slide-518 ms-image \" aria-roledescription=\"slide\" aria-label=\"slide-518\"><img loading=\"lazy\" decoding=\"async\" src=\"https:\/\/taxisourdy.fr\/wp-content\/uploads\/2023\/05\/DSC00671-scaled-700x350.jpg\" height=\"350\" width=\"700\" alt=\"\" class=\"slider-307 slide-518\" title=\"DSC00671\" \/><\/li>\n                <li style=\"display: none; width: 100%;\" class=\"slide-513 ms-image \" aria-roledescription=\"slide\" aria-label=\"slide-513\"><img loading=\"lazy\" decoding=\"async\" src=\"https:\/\/taxisourdy.fr\/wp-content\/uploads\/2023\/05\/DSC00660-scaled-700x350.jpg\" height=\"350\" width=\"700\" alt=\"\" class=\"slider-307 slide-513\" title=\"DSC00660\" \/><\/li>\n                <li style=\"display: none; width: 100%;\" class=\"slide-514 ms-image \" aria-roledescription=\"slide\" aria-label=\"slide-514\"><img loading=\"lazy\" decoding=\"async\" src=\"https:\/\/taxisourdy.fr\/wp-content\/uploads\/2023\/05\/DSC00650-scaled-700x350.jpg\" height=\"350\" width=\"700\" alt=\"\" class=\"slider-307 slide-514\" title=\"DSC00650\" \/><\/li>\n                <li style=\"display: none; width: 100%;\" class=\"slide-511 ms-image \" aria-roledescription=\"slide\" aria-label=\"slide-511\"><img loading=\"lazy\" decoding=\"async\" src=\"https:\/\/taxisourdy.fr\/wp-content\/uploads\/2023\/05\/lexus-1-scaled-700x350.jpg\" height=\"350\" width=\"700\" alt=\"\" class=\"slider-307 slide-511\" title=\"lexus\" \/><\/li>\n                <li style=\"display: none; width: 100%;\" class=\"slide-522 ms-image \" aria-roledescription=\"slide\" aria-label=\"slide-522\"><img loading=\"lazy\" decoding=\"async\" src=\"https:\/\/taxisourdy.fr\/wp-content\/uploads\/2023\/05\/DSC00649-scaled-700x350.jpg\" height=\"350\" width=\"700\" alt=\"\" class=\"slider-307 slide-522\" title=\"DSC00649\" \/><\/li>\n                <li style=\"display: none; width: 100%;\" class=\"slide-520 ms-image \" aria-roledescription=\"slide\" aria-label=\"slide-520\"><img loading=\"lazy\" decoding=\"async\" src=\"https:\/\/taxisourdy.fr\/wp-content\/uploads\/2023\/05\/DSC00652-scaled-700x350.jpg\" height=\"350\" width=\"700\" alt=\"\" class=\"slider-307 slide-520\" title=\"DSC00652\" \/><\/li>\n                <li style=\"display: none; width: 100%;\" class=\"slide-512 ms-image \" aria-roledescription=\"slide\" aria-label=\"slide-512\"><img loading=\"lazy\" decoding=\"async\" src=\"https:\/\/taxisourdy.fr\/wp-content\/uploads\/2023\/05\/DSC00662-scaled-700x350.jpg\" height=\"350\" width=\"700\" alt=\"\" class=\"slider-307 slide-512\" title=\"DSC00662\" \/><\/li>\n            <\/ul>\n        <\/div>\n        \n    <\/div>\n<\/div><\/h4>\n<p>Nous sommes fiers de vous offrir un service de taxi de qualit\u00e9, fiable et professionnel pour r\u00e9pondre \u00e0 tous vos besoins de d\u00e9placement dans la r\u00e9gion de Cognac et ses environs. Que vous ayez besoin d&#8217;un transfert depuis l&#8217;a\u00e9roport, d&#8217;une course locale ou d&#8217;un service de chauffeur priv\u00e9, nous sommes l\u00e0 pour vous servir.<\/p>\n<p>Notre flotte de v\u00e9hicules est compos\u00e9e de v\u00e9hicules Lexus haut de gamme, soigneusement entretenus et \u00e9quip\u00e9s pour vous offrir un confort optimal pendant votre trajet. Les v\u00e9hicules Lexus sont r\u00e9put\u00e9s pour leur \u00e9l\u00e9gance, leur confort et leur fiabilit\u00e9, ce qui vous permet de profiter d&#8217;un trajet agr\u00e9able et en toute s\u00e9curit\u00e9.<\/p>\n<p>Notre \u00e9quipe de chauffeurs professionnels est compos\u00e9e de conducteurs exp\u00e9riment\u00e9s, courtois et attentifs \u00e0 vos besoins. Nous nous engageons \u00e0 vous fournir un service personnalis\u00e9, en veillant \u00e0 ce que vous arriviez \u00e0 destination \u00e0 l&#8217;heure et en toute tranquillit\u00e9 d&#8217;esprit.<\/p>\n<p>Notre service de taxi traditionnel, vous permet de planifier vos d\u00e9placements \u00e0 l&#8217;avance, que ce soit pour un rendez-vous professionnel, une sortie en soir\u00e9e ou un \u00e9v\u00e9nement sp\u00e9cial.<strong> Sur r\u00e9servation pour les d\u00e9placements de Nuit entre 21h00 \u00e0 07h00<\/strong> . Notre objectif est de rendre votre exp\u00e9rience de d\u00e9placement aussi pratique et sans stress que possible.<\/p>\n<p>La s\u00e9curit\u00e9 et la satisfaction de nos clients sont notre priorit\u00e9 absolue. Nous respectons les normes les plus \u00e9lev\u00e9es en mati\u00e8re de s\u00e9curit\u00e9 routi\u00e8re et nous nous engageons \u00e0 vous offrir un service de qualit\u00e9, transparent et professionnel \u00e0 chaque trajet.<\/p>\n<p>Pour r\u00e9server votre prochain trajet en taxi \u00e0 Cognac avec notre v\u00e9hicule Lexus, vous pouvez nous contacter par t\u00e9l\u00e9phone. Notre \u00e9quipe se fera un plaisir de r\u00e9pondre \u00e0 toutes vos questions et de vous assister dans la planification de vos d\u00e9placements.<\/p>\n<p>Faites confiance \u00e0 notre soci\u00e9t\u00e9 de taxi \u00e0 Cognac avec v\u00e9hicule Lexus pour tous vos besoins de transport. Nous nous engageons \u00e0 vous offrir une exp\u00e9rience de d\u00e9placement exceptionnelle, alliant confort, ponctualit\u00e9 et service de qualit\u00e9 sup\u00e9rieure.<\/p>\n<h4><span style=\"color: #0000ff; text-decoration: underline;\">Particuliers<\/span><\/h4>\n<p>Pour vous (a\u00e9roports \/ gares, shopping, loisirs etc.) et pour vos enfants (\u00e9cole ou activit\u00e9 extra scolaire) b\u00e9n\u00e9ficiez d&#8217;un service personnalis\u00e9 et accueillant.<\/p>\n<p>Un ou plusieurs trajets ou une mise \u00e0 disposition, optez pour un forfait&nbsp; transports, gr\u00e2ce \u00e0 des tarifs comp\u00e9titifs et notre garantie de confort et de s\u00e9curit\u00e9.<\/p>\n<h4><\/h4>\n<h3><\/h3>\n<h4><span style=\"text-decoration: underline;\"><span style=\"color: #0000ff; text-decoration: underline;\">Professionnels<\/span><\/span><\/h4>\n<h4>&#8211; Un <strong>contrat<\/strong> de <strong>Prestataire de Services Transports avec des entreprises clientes.<\/strong><\/h4>\n<h4>&#8211; Licence de Transport Public Routier de personnes. ( Loi Loti )<\/h4>\n<h4><strong>&#8211;&nbsp;&nbsp;A disposition pour des remplacements, absences,&nbsp;maladies,&nbsp;cong\u00e8s, etc.<\/strong><\/h4>\n<h4><span style=\"color: #000000;\"><strong>&nbsp;<\/strong><\/span><\/h4>\n<h4>&#8211; Formatrice Taxi<\/h4>\n<h4>&#8211; Monitrice PSC1<\/h4>\n<h4>&#8211; VTC<\/h4>\n<h4 id=\"u3389-21\"><\/h4>\n<h4 style=\"text-align: center;\"><span style=\"color: #0000ff;\">Taxi Sourdy : 06 89 26 24 66 \/ ABC Cognac Taxi : 06 30 08 61 67<br>\n<\/span><\/h4>\n\n\n<figure class=\"wp-block-video\"><video autoplay src=\"https:\/\/taxisourdy.fr\/wp-content\/uploads\/2023\/06\/Taxi-Sourdy.webm\"><\/video><\/figure>\n\n\n\n<figure class=\"wp-block-video\"><\/figure>\n","protected":false},"excerpt":{"rendered":"<p>Bienvenue chez notre soci\u00e9t\u00e9 de taxi \u00e0 Cognac, sp\u00e9cialis\u00e9e dans le transport de personnes avec v\u00e9hicules Lexus. Nous sommes fiers de vous [&hellip;]<\/p>\n","protected":false},"author":1,"featured_media":0,"parent":0,"menu_order":0,"comment_status":"closed","ping_status":"closed","template":"","meta":{"footnotes":""},"_links":{"self":[{"href":"https:\/\/taxisourdy.fr\/index.php\/wp-json\/wp\/v2\/pages\/25"}],"collection":[{"href":"https:\/\/taxisourdy.fr\/index.php\/wp-json\/wp\/v2\/pages"}],"about":[{"href":"https:\/\/taxisourdy.fr\/index.php\/wp-json\/wp\/v2\/types\/page"}],"author":[{"embeddable":true,"href":"https:\/\/taxisourdy.fr\/index.php\/wp-json\/wp\/v2\/users\/1"}],"replies":[{"embeddable":true,"href":"https:\/\/taxisourdy.fr\/index.php\/wp-json\/wp\/v2\/comments?post=25"}],"version-history":[{"count":33,"href":"https:\/\/taxisourdy.fr\/index.php\/wp-json\/wp\/v2\/pages\/25\/revisions"}],"predecessor-version":[{"id":548,"href":"https:\/\/taxisourdy.fr\/index.php\/wp-json\/wp\/v2\/pages\/25\/revisions\/548"}],"wp:attachment":[{"href":"https:\/\/taxisourdy.fr\/index.php\/wp-json\/wp\/v2\/media?parent=25"}],"curies":[{"name":"wp","href":"https:\/\/api.w.org\/{rel}","templated":true}]}}