{"id":549,"date":"2023-06-19T14:47:38","date_gmt":"2023-06-19T12:47:38","guid":{"rendered":"http:\/\/taxisourdy.fr\/?page_id=549"},"modified":"2023-06-19T14:55:48","modified_gmt":"2023-06-19T12:55:48","slug":"taxi-relais-pour-professionnel","status":"publish","type":"page","link":"https:\/\/taxisourdy.fr\/index.php\/taxi-relais-pour-professionnel\/","title":{"rendered":"Taxi relais pour professionnel"},"content":{"rendered":"\n<pre class=\"wp-block-code\"><code><\/code><\/pre>\n\n\n<div id=\"metaslider-id-558\" style=\"width: 100%;\" class=\"ml-slider-3-62-0 metaslider metaslider-flex metaslider-558 ml-slider ms-theme-default\" role=\"region\" aria-roledescription=\"Slideshow\" aria-label=\"taxi relais\">\n    <div id=\"metaslider_container_558\">\n        <div id=\"metaslider_558\">\n            <ul aria-live=\"polite\" class=\"slides\">\n                <li style=\"display: block; width: 100%;\" class=\"slide-562 ms-image \" aria-roledescription=\"slide\" aria-label=\"slide-562\"><img loading=\"lazy\" decoding=\"async\" src=\"https:\/\/taxisourdy.fr\/wp-content\/uploads\/2023\/06\/DSC00687-700x350.jpg\" height=\"350\" width=\"700\" alt=\"\" class=\"slider-558 slide-562\" title=\"DSC00687\" \/><\/li>\n                <li style=\"display: none; width: 100%;\" class=\"slide-559 ms-image \" aria-roledescription=\"slide\" aria-label=\"slide-559\"><img loading=\"lazy\" decoding=\"async\" src=\"https:\/\/taxisourdy.fr\/wp-content\/uploads\/2023\/06\/DSC00692-700x350.jpg\" height=\"350\" width=\"700\" alt=\"\" class=\"slider-558 slide-559\" title=\"DSC00692\" \/><\/li>\n                <li style=\"display: none; width: 100%;\" class=\"slide-563 ms-image \" aria-roledescription=\"slide\" aria-label=\"slide-563\"><img loading=\"lazy\" decoding=\"async\" src=\"https:\/\/taxisourdy.fr\/wp-content\/uploads\/2023\/06\/DSC00684-700x350.jpg\" height=\"350\" width=\"700\" alt=\"\" class=\"slider-558 slide-563\" title=\"DSC00684\" \/><\/li>\n                <li style=\"display: none; width: 100%;\" class=\"slide-561 ms-image \" aria-roledescription=\"slide\" aria-label=\"slide-561\"><img loading=\"lazy\" decoding=\"async\" src=\"https:\/\/taxisourdy.fr\/wp-content\/uploads\/2023\/06\/DSC00688-700x350.jpg\" height=\"350\" width=\"700\" alt=\"\" class=\"slider-558 slide-561\" title=\"DSC00688\" \/><\/li>\n                <li style=\"display: none; width: 100%;\" class=\"slide-560 ms-image \" aria-roledescription=\"slide\" aria-label=\"slide-560\"><img loading=\"lazy\" decoding=\"async\" src=\"https:\/\/taxisourdy.fr\/wp-content\/uploads\/2023\/06\/IMG_20170607_083134-700x350.jpg\" height=\"350\" width=\"700\" alt=\"\" class=\"slider-558 slide-560\" title=\"IMG_20170607_083134\" \/><\/li>\n                <li style=\"display: none; width: 100%;\" class=\"slide-564 ms-image \" aria-roledescription=\"slide\" aria-label=\"slide-564\"><img loading=\"lazy\" decoding=\"async\" src=\"https:\/\/taxisourdy.fr\/wp-content\/uploads\/2023\/06\/DSC00681-700x350.jpg\" height=\"350\" width=\"700\" alt=\"\" class=\"slider-558 slide-564\" title=\"DSC00681\" \/><\/li>\n            <\/ul>\n        <\/div>\n        \n    <\/div>\n<\/div>\n\n\n\n<p>Bienvenue sur notre site de location de taxi de remplacement \u00e0 l&#8217;usage des professionnels !<\/p>\n\n\n\n<pre class=\"wp-block-code\"><code><\/code><\/pre>\n\n\n\n<p>Nous comprenons \u00e0 quel point la continuit\u00e9 de votre activit\u00e9 est essentielle, c&#8217;est pourquoi nous sommes l\u00e0 pour vous fournir une solution de transport fiable et pratique lorsque votre propre v\u00e9hicule est hors service. Nous proposons un taxi de remplacement est sp\u00e9cialement con\u00e7u pour r\u00e9pondre aux besoins des professionnels comme vous.<\/p>\n\n\n\n<p>Nous proposons un taxi de remplacement Toyota Prius iv, entretenu r\u00e9guli\u00e8rement et \u00e9quip\u00e9s des derni\u00e8res technologies pour assurer votre confort et votre tranquillit\u00e9 d&#8217;esprit lors de vos d\u00e9placements professionnels. (\u00c9quip\u00e9 E 85)<\/p>\n\n\n\n<p>Pourquoi choisir notre service de location de taxi de remplacement ?<\/p>\n\n\n\n<ol type=\"1\" start=\"1\">\n<li>Fiabilit\u00e9 : Nous comprenons l&#8217;importance de la ponctualit\u00e9 et de la fiabilit\u00e9 dans votre activit\u00e9 professionnelle. Et vous assurant ainsi de pouvoir maintenir vos engagements sans interruption.<\/li>\n\n\n\n<li>Souplesse : Nous nous adaptons \u00e0 votre emploi du temps charg\u00e9. Nous vous proposons des options de location flexibles pour r\u00e9pondre \u00e0 vos besoins sp\u00e9cifiques. 3 Jours minimum et suivant vos besoins.<\/li>\n\n\n\n<li>Tarifs comp\u00e9titifs : Nous offrons des tarifs appropri\u00e9s pour notre service de location de taxi de remplacement. Nous comprenons les contraintes budg\u00e9taires auxquelles les professionnels sont confront\u00e9s, c&#8217;est pourquoi nous veillons \u00e0 ce que nos tarifs restent abordables sans compromettre la qualit\u00e9 du v\u00e9hicule ou de notre service.<\/li>\n<\/ol>\n\n\n\n<p>Possibilit\u00e9 de louer un taxi sur les d\u00e9partements limitrophes de la Charente Maritime. Contrat \u00e0 disposition et document a disposition pour l\u2019accompagnement de la S\u00e9curit\u00e9 Sociale.<\/p>\n\n\n\n<p>N\u2019h\u00e9sitez pas \u00e0 franchir le pas\u2026.&nbsp;&nbsp;&nbsp;&nbsp;&nbsp;&nbsp;&nbsp;&nbsp;&nbsp;&nbsp;&nbsp;&nbsp;&nbsp; Merci de votre confiance<\/p>\n\n\n\n<p><\/p>\n\n\n","protected":false},"excerpt":{"rendered":"<p>Bienvenue sur notre site de location de taxi de remplacement \u00e0 l&#8217;usage des professionnels ! Nous comprenons \u00e0 quel point la continuit\u00e9 [&hellip;]<\/p>\n","protected":false},"author":1,"featured_media":0,"parent":0,"menu_order":0,"comment_status":"closed","ping_status":"closed","template":"","meta":{"footnotes":""},"_links":{"self":[{"href":"https:\/\/taxisourdy.fr\/index.php\/wp-json\/wp\/v2\/pages\/549"}],"collection":[{"href":"https:\/\/taxisourdy.fr\/index.php\/wp-json\/wp\/v2\/pages"}],"about":[{"href":"https:\/\/taxisourdy.fr\/index.php\/wp-json\/wp\/v2\/types\/page"}],"author":[{"embeddable":true,"href":"https:\/\/taxisourdy.fr\/index.php\/wp-json\/wp\/v2\/users\/1"}],"replies":[{"embeddable":true,"href":"https:\/\/taxisourdy.fr\/index.php\/wp-json\/wp\/v2\/comments?post=549"}],"version-history":[{"count":8,"href":"https:\/\/taxisourdy.fr\/index.php\/wp-json\/wp\/v2\/pages\/549\/revisions"}],"predecessor-version":[{"id":575,"href":"https:\/\/taxisourdy.fr\/index.php\/wp-json\/wp\/v2\/pages\/549\/revisions\/575"}],"wp:attachment":[{"href":"https:\/\/taxisourdy.fr\/index.php\/wp-json\/wp\/v2\/media?parent=549"}],"curies":[{"name":"wp","href":"https:\/\/api.w.org\/{rel}","templated":true}]}}